{"id":228,"date":"2021-04-26T09:57:32","date_gmt":"2021-04-26T07:57:32","guid":{"rendered":"https:\/\/rouelibre-aquitaine.com\/fr\/?page_id=228"},"modified":"2023-04-26T02:06:48","modified_gmt":"2023-04-26T00:06:48","slug":"graves-et-sauternes","status":"publish","type":"page","link":"https:\/\/rouelibre-aquitaine.com\/fr\/graves-et-sauternes\/","title":{"rendered":"Graves &#038; Sauternes"},"content":{"rendered":"\t\t<div data-elementor-type=\"wp-page\" data-elementor-id=\"228\" class=\"elementor elementor-228\">\n\t\t\t\t\t\t\t\t\t<section class=\"elementor-section elementor-top-section elementor-element elementor-element-6tvy454 elementor-section-height-min-height elementor-section-boxed elementor-section-height-default elementor-section-items-middle\" data-id=\"6tvy454\" data-element_type=\"section\" data-settings=\"{&quot;background_background&quot;:&quot;classic&quot;}\">\n\t\t\t\t\t\t\t<div class=\"elementor-background-overlay\"><\/div>\n\t\t\t\t\t\t\t<div class=\"elementor-container elementor-column-gap-default\">\n\t\t\t\t\t<div class=\"elementor-column elementor-col-100 elementor-top-column elementor-element elementor-element-sk8ylc5\" data-id=\"sk8ylc5\" data-element_type=\"column\">\n\t\t\t<div class=\"elementor-widget-wrap elementor-element-populated\">\n\t\t\t\t\t\t\t\t<div class=\"elementor-element elementor-element-8mmzn2w elementor-widget elementor-widget-heading\" data-id=\"8mmzn2w\" data-element_type=\"widget\" data-widget_type=\"heading.default\">\n\t\t\t\t<div class=\"elementor-widget-container\">\n\t\t\t<h2 class=\"elementor-heading-title elementor-size-default\">Graves et Sauternes<\/h2>\t\t<\/div>\n\t\t\t\t<\/div>\n\t\t\t\t<div class=\"elementor-element elementor-element-9db0b90 elementor-widget elementor-widget-text-editor\" data-id=\"9db0b90\" data-element_type=\"widget\" data-widget_type=\"text-editor.default\">\n\t\t\t\t<div class=\"elementor-widget-container\">\n\t\t\t\t\t\t\t<p>Le ch\u00e2teau Yquem est inscrit aux monuments historiques depuis 2003.<\/p>\t\t\t\t\t\t<\/div>\n\t\t\t\t<\/div>\n\t\t\t\t<div class=\"elementor-element elementor-element-vw83nta elementor-widget-divider--view-line elementor-widget elementor-widget-divider\" data-id=\"vw83nta\" data-element_type=\"widget\" data-widget_type=\"divider.default\">\n\t\t\t\t<div class=\"elementor-widget-container\">\n\t\t\t\t\t<div class=\"elementor-divider\">\n\t\t\t<span class=\"elementor-divider-separator\">\n\t\t\t\t\t\t<\/span>\n\t\t<\/div>\n\t\t\t\t<\/div>\n\t\t\t\t<\/div>\n\t\t\t\t<section class=\"elementor-section elementor-inner-section elementor-element elementor-element-84a8bf5 elementor-section-boxed elementor-section-height-default elementor-section-height-default\" data-id=\"84a8bf5\" data-element_type=\"section\">\n\t\t\t\t\t\t<div class=\"elementor-container elementor-column-gap-default\">\n\t\t\t\t\t<div class=\"elementor-column elementor-col-50 elementor-inner-column elementor-element elementor-element-5af4430\" data-id=\"5af4430\" data-element_type=\"column\">\n\t\t\t<div class=\"elementor-widget-wrap elementor-element-populated\">\n\t\t\t\t\t\t\t\t<div class=\"elementor-element elementor-element-7cef2d7 elementor-widget elementor-widget-text-editor\" data-id=\"7cef2d7\" data-element_type=\"widget\" data-widget_type=\"text-editor.default\">\n\t\t\t\t<div class=\"elementor-widget-container\">\n\t\t\t\t\t\t\t<p>Si Bordeaux doit sa r\u00e9putation aux vins rouges, il n\u2019en existe pas moins de <strong>remarquables vins blancs.<\/strong> En parcourant le vignoble de Sauternes, vous d\u00e9couvrirez les vins liquoreux obtenus gr\u00e2ce au d\u00e9veloppement de la pourriture noble.<\/p><p>Bien des choses s\u2019associent \u00e0 merveille avec un vin liquoreux : du foie gras bien sur, mais aussi des volailles, du fromages et m\u00eame certains crustac\u00e9s. <strong>Osez un repas enti\u00e8rement accompagn\u00e9 de Sauternes et vous ne serez pas d\u00e9\u00e7u.<\/strong><\/p>\t\t\t\t\t\t<\/div>\n\t\t\t\t<\/div>\n\t\t\t\t\t<\/div>\n\t\t<\/div>\n\t\t\t\t<div class=\"elementor-column elementor-col-50 elementor-inner-column elementor-element elementor-element-699c944\" data-id=\"699c944\" data-element_type=\"column\">\n\t\t\t<div class=\"elementor-widget-wrap elementor-element-populated\">\n\t\t\t\t\t\t\t\t<div class=\"elementor-element elementor-element-5d65966 elementor-widget elementor-widget-text-editor\" data-id=\"5d65966\" data-element_type=\"widget\" data-widget_type=\"text-editor.default\">\n\t\t\t\t<div class=\"elementor-widget-container\">\n\t\t\t\t\t\t\t<p>Ensuite, vous partirez \u00e0 la d\u00e9couverte des <strong>vins blancs secs de l\u2019appellation Graves Pessac-L\u00e9ognan.<\/strong> Tout le monde conna\u00eet le Ch\u00e2teau Haut Brion, ou Pape Cl\u00e9ment mais vous en d\u00e9couvrirez peut-\u00eatre d\u2019autres tout aussi \u00e9l\u00e9gants et raffin\u00e9s comme par exemple Ch\u00e2teau Smith Haut Lafitte, Carbonnieux, ou encore la Tour Martillac.<\/p><p>Laissez-vous guider !<\/p>\t\t\t\t\t\t<\/div>\n\t\t\t\t<\/div>\n\t\t\t\t\t<\/div>\n\t\t<\/div>\n\t\t\t\t\t\t\t<\/div>\n\t\t<\/section>\n\t\t\t\t<div class=\"elementor-element elementor-element-3cxzxx1 elementor-align-center elementor-widget elementor-widget-button\" data-id=\"3cxzxx1\" data-element_type=\"widget\" data-widget_type=\"button.default\">\n\t\t\t\t<div class=\"elementor-widget-container\">\n\t\t\t\t\t<div class=\"elementor-button-wrapper\">\n\t\t\t<a href=\"https:\/\/rouelibre-aquitaine.com\/fr\/?page_id=82\" class=\"elementor-button-link elementor-button elementor-size-sm\" role=\"button\">\n\t\t\t\t\t\t<span class=\"elementor-button-content-wrapper\">\n\t\t\t\t\t\t<span class=\"elementor-button-text\">Nous trouver<\/span>\n\t\t<\/span>\n\t\t\t\t\t<\/a>\n\t\t<\/div>\n\t\t\t\t<\/div>\n\t\t\t\t<\/div>\n\t\t\t\t\t<\/div>\n\t\t<\/div>\n\t\t\t\t\t\t\t<\/div>\n\t\t<\/section>\n\t\t\t\t<section class=\"elementor-section elementor-top-section elementor-element elementor-element-plhq52n elementor-section-boxed elementor-section-height-default elementor-section-height-default\" data-id=\"plhq52n\" data-element_type=\"section\">\n\t\t\t\t\t\t<div class=\"elementor-container elementor-column-gap-default\">\n\t\t\t\t\t<div class=\"elementor-column elementor-col-100 elementor-top-column elementor-element elementor-element-1xz8pfq\" data-id=\"1xz8pfq\" data-element_type=\"column\">\n\t\t\t<div class=\"elementor-widget-wrap elementor-element-populated\">\n\t\t\t\t\t\t\t\t<div class=\"elementor-element elementor-element-78o06sh elementor-widget elementor-widget-heading\" data-id=\"78o06sh\" data-element_type=\"widget\" data-widget_type=\"heading.default\">\n\t\t\t\t<div class=\"elementor-widget-container\">\n\t\t\t<h2 class=\"elementor-heading-title elementor-size-default\">Venez d\u00e9couvrir la r\u00e9gion<\/h2>\t\t<\/div>\n\t\t\t\t<\/div>\n\t\t\t\t<div class=\"elementor-element elementor-element-kmakwrn elementor-widget-divider--view-line elementor-widget elementor-widget-divider\" data-id=\"kmakwrn\" data-element_type=\"widget\" data-widget_type=\"divider.default\">\n\t\t\t\t<div class=\"elementor-widget-container\">\n\t\t\t\t\t<div class=\"elementor-divider\">\n\t\t\t<span class=\"elementor-divider-separator\">\n\t\t\t\t\t\t<\/span>\n\t\t<\/div>\n\t\t\t\t<\/div>\n\t\t\t\t<\/div>\n\t\t\t\t\t<\/div>\n\t\t<\/div>\n\t\t\t\t\t\t\t<\/div>\n\t\t<\/section>\n\t\t\t\t<section class=\"elementor-section elementor-top-section elementor-element elementor-element-c221577 elementor-section-boxed elementor-section-height-default elementor-section-height-default\" data-id=\"c221577\" data-element_type=\"section\">\n\t\t\t\t\t\t<div class=\"elementor-container elementor-column-gap-default\">\n\t\t\t\t\t<div class=\"elementor-column elementor-col-100 elementor-top-column elementor-element elementor-element-4aa25ca\" data-id=\"4aa25ca\" data-element_type=\"column\">\n\t\t\t<div class=\"elementor-widget-wrap elementor-element-populated\">\n\t\t\t\t\t\t\t\t<div class=\"elementor-element elementor-element-cd7ab6d elementor-widget elementor-widget-image-gallery\" data-id=\"cd7ab6d\" data-element_type=\"widget\" data-widget_type=\"image-gallery.default\">\n\t\t\t\t<div class=\"elementor-widget-container\">\n\t\t\t\t\t<div class=\"elementor-image-gallery\">\n\t\t\t<div id='gallery-1' class='gallery galleryid-228 gallery-columns-3 gallery-size-medium'><figure class='gallery-item'>\n\t\t\t<div class='gallery-icon landscape'>\n\t\t\t\t<a data-elementor-open-lightbox=\"yes\" data-elementor-lightbox-slideshow=\"cd7ab6d\" e-action-hash=\"#elementor-action%3Aaction%3Dlightbox%26settings%3DeyJpZCI6MTY0LCJ1cmwiOiJodHRwczpcL1wvcm91ZWxpYnJlLWFxdWl0YWluZS5jb21cL2ZyXC93cC1jb250ZW50XC91cGxvYWRzXC8yMDIxXC8wNFwvY2hhdGVhdS1tYXJnYXV4LmpwZyIsInNsaWRlc2hvdyI6ImNkN2FiNmQifQ%3D%3D\" href='https:\/\/rouelibre-aquitaine.com\/fr\/wp-content\/uploads\/2021\/04\/chateau-margaux.jpg'><img loading=\"lazy\" decoding=\"async\" width=\"300\" height=\"201\" src=\"https:\/\/rouelibre-aquitaine.com\/fr\/wp-content\/uploads\/2021\/04\/chateau-margaux-300x201.jpg\" class=\"attachment-medium size-medium\" alt=\"\" aria-describedby=\"gallery-1-164\" srcset=\"https:\/\/rouelibre-aquitaine.com\/fr\/wp-content\/uploads\/2021\/04\/chateau-margaux-300x201.jpg 300w, https:\/\/rouelibre-aquitaine.com\/fr\/wp-content\/uploads\/2021\/04\/chateau-margaux-768x514.jpg 768w, https:\/\/rouelibre-aquitaine.com\/fr\/wp-content\/uploads\/2021\/04\/chateau-margaux.jpg 1024w\" sizes=\"auto, (max-width: 300px) 100vw, 300px\" \/><\/a>\n\t\t\t<\/div>\n\t\t\t\t<figcaption class='wp-caption-text gallery-caption' id='gallery-1-164'>\n\t\t\t\tCh\u00e2teau Margaux\n\t\t\t\t<\/figcaption><\/figure><figure class='gallery-item'>\n\t\t\t<div class='gallery-icon landscape'>\n\t\t\t\t<a data-elementor-open-lightbox=\"yes\" data-elementor-lightbox-slideshow=\"cd7ab6d\" e-action-hash=\"#elementor-action%3Aaction%3Dlightbox%26settings%3DeyJpZCI6MTY2LCJ1cmwiOiJodHRwczpcL1wvcm91ZWxpYnJlLWFxdWl0YWluZS5jb21cL2ZyXC93cC1jb250ZW50XC91cGxvYWRzXC8yMDIxXC8wNFwvR3JhbmRUaGVhdHJlLmpwZyIsInNsaWRlc2hvdyI6ImNkN2FiNmQifQ%3D%3D\" href='https:\/\/rouelibre-aquitaine.com\/fr\/wp-content\/uploads\/2021\/04\/GrandTheatre.jpg'><img loading=\"lazy\" decoding=\"async\" width=\"300\" height=\"200\" src=\"https:\/\/rouelibre-aquitaine.com\/fr\/wp-content\/uploads\/2021\/04\/GrandTheatre-300x200.jpg\" class=\"attachment-medium size-medium\" alt=\"\" aria-describedby=\"gallery-1-166\" srcset=\"https:\/\/rouelibre-aquitaine.com\/fr\/wp-content\/uploads\/2021\/04\/GrandTheatre-300x200.jpg 300w, https:\/\/rouelibre-aquitaine.com\/fr\/wp-content\/uploads\/2021\/04\/GrandTheatre-1024x683.jpg 1024w, https:\/\/rouelibre-aquitaine.com\/fr\/wp-content\/uploads\/2021\/04\/GrandTheatre-768x512.jpg 768w, https:\/\/rouelibre-aquitaine.com\/fr\/wp-content\/uploads\/2021\/04\/GrandTheatre.jpg 1392w\" sizes=\"auto, (max-width: 300px) 100vw, 300px\" \/><\/a>\n\t\t\t<\/div>\n\t\t\t\t<figcaption class='wp-caption-text gallery-caption' id='gallery-1-166'>\n\t\t\t\tGrand th\u00e9\u00e2tre de Bordeaux\n\t\t\t\t<\/figcaption><\/figure><figure class='gallery-item'>\n\t\t\t<div class='gallery-icon landscape'>\n\t\t\t\t<a data-elementor-open-lightbox=\"yes\" data-elementor-lightbox-slideshow=\"cd7ab6d\" e-action-hash=\"#elementor-action%3Aaction%3Dlightbox%26settings%3DeyJpZCI6MTY3LCJ1cmwiOiJodHRwczpcL1wvcm91ZWxpYnJlLWFxdWl0YWluZS5jb21cL2ZyXC93cC1jb250ZW50XC91cGxvYWRzXC8yMDIxXC8wNFwvU2FpbnRFbWlsaW9uLmpwZyIsInNsaWRlc2hvdyI6ImNkN2FiNmQifQ%3D%3D\" href='https:\/\/rouelibre-aquitaine.com\/fr\/wp-content\/uploads\/2021\/04\/SaintEmilion.jpg'><img loading=\"lazy\" decoding=\"async\" width=\"300\" height=\"199\" src=\"https:\/\/rouelibre-aquitaine.com\/fr\/wp-content\/uploads\/2021\/04\/SaintEmilion-300x199.jpg\" class=\"attachment-medium size-medium\" alt=\"\" aria-describedby=\"gallery-1-167\" srcset=\"https:\/\/rouelibre-aquitaine.com\/fr\/wp-content\/uploads\/2021\/04\/SaintEmilion-300x199.jpg 300w, https:\/\/rouelibre-aquitaine.com\/fr\/wp-content\/uploads\/2021\/04\/SaintEmilion.jpg 673w\" sizes=\"auto, (max-width: 300px) 100vw, 300px\" \/><\/a>\n\t\t\t<\/div>\n\t\t\t\t<figcaption class='wp-caption-text gallery-caption' id='gallery-1-167'>\n\t\t\t\tVillage de Saint Emilion\n\t\t\t\t<\/figcaption><\/figure><figure class='gallery-item'>\n\t\t\t<div class='gallery-icon landscape'>\n\t\t\t\t<a data-elementor-open-lightbox=\"yes\" data-elementor-lightbox-slideshow=\"cd7ab6d\" e-action-hash=\"#elementor-action%3Aaction%3Dlightbox%26settings%3DeyJpZCI6MTcwLCJ1cmwiOiJodHRwczpcL1wvcm91ZWxpYnJlLWFxdWl0YWluZS5jb21cL2ZyXC93cC1jb250ZW50XC91cGxvYWRzXC8yMDIxXC8wNFwvQ2l0ZUR1VmluMi5qcGciLCJzbGlkZXNob3ciOiJjZDdhYjZkIn0%3D\" href='https:\/\/rouelibre-aquitaine.com\/fr\/wp-content\/uploads\/2021\/04\/CiteDuVin2.jpg'><img loading=\"lazy\" decoding=\"async\" width=\"300\" height=\"192\" src=\"https:\/\/rouelibre-aquitaine.com\/fr\/wp-content\/uploads\/2021\/04\/CiteDuVin2-300x192.jpg\" class=\"attachment-medium size-medium\" alt=\"\" aria-describedby=\"gallery-1-170\" srcset=\"https:\/\/rouelibre-aquitaine.com\/fr\/wp-content\/uploads\/2021\/04\/CiteDuVin2-300x192.jpg 300w, https:\/\/rouelibre-aquitaine.com\/fr\/wp-content\/uploads\/2021\/04\/CiteDuVin2-1024x655.jpg 1024w, https:\/\/rouelibre-aquitaine.com\/fr\/wp-content\/uploads\/2021\/04\/CiteDuVin2-768x492.jpg 768w, https:\/\/rouelibre-aquitaine.com\/fr\/wp-content\/uploads\/2021\/04\/CiteDuVin2-1536x983.jpg 1536w, https:\/\/rouelibre-aquitaine.com\/fr\/wp-content\/uploads\/2021\/04\/CiteDuVin2.jpg 1656w\" sizes=\"auto, (max-width: 300px) 100vw, 300px\" \/><\/a>\n\t\t\t<\/div>\n\t\t\t\t<figcaption class='wp-caption-text gallery-caption' id='gallery-1-170'>\n\t\t\t\tCit\u00e9 du Vin\n\t\t\t\t<\/figcaption><\/figure><figure class='gallery-item'>\n\t\t\t<div class='gallery-icon landscape'>\n\t\t\t\t<a data-elementor-open-lightbox=\"yes\" data-elementor-lightbox-slideshow=\"cd7ab6d\" e-action-hash=\"#elementor-action%3Aaction%3Dlightbox%26settings%3DeyJpZCI6NDI4LCJ1cmwiOiJodHRwczpcL1wvcm91ZWxpYnJlLWFxdWl0YWluZS5jb21cL2ZyXC93cC1jb250ZW50XC91cGxvYWRzXC8yMDIxXC8wNFwvQmFzc2luQXJjYWNob25Dcm9wLmpwZyIsInNsaWRlc2hvdyI6ImNkN2FiNmQifQ%3D%3D\" href='https:\/\/rouelibre-aquitaine.com\/fr\/wp-content\/uploads\/2021\/04\/BassinArcachonCrop.jpg'><img loading=\"lazy\" decoding=\"async\" width=\"300\" height=\"193\" src=\"https:\/\/rouelibre-aquitaine.com\/fr\/wp-content\/uploads\/2021\/04\/BassinArcachonCrop-300x193.jpg\" class=\"attachment-medium size-medium\" alt=\"Bassin d&#039;Arcachon\" aria-describedby=\"gallery-1-428\" srcset=\"https:\/\/rouelibre-aquitaine.com\/fr\/wp-content\/uploads\/2021\/04\/BassinArcachonCrop-300x193.jpg 300w, https:\/\/rouelibre-aquitaine.com\/fr\/wp-content\/uploads\/2021\/04\/BassinArcachonCrop.jpg 500w\" sizes=\"auto, (max-width: 300px) 100vw, 300px\" \/><\/a>\n\t\t\t<\/div>\n\t\t\t\t<figcaption class='wp-caption-text gallery-caption' id='gallery-1-428'>\n\t\t\t\tBassin d&rsquo;Arcachon\n\t\t\t\t<\/figcaption><\/figure><figure class='gallery-item'>\n\t\t\t<div class='gallery-icon landscape'>\n\t\t\t\t<a data-elementor-open-lightbox=\"yes\" data-elementor-lightbox-slideshow=\"cd7ab6d\" e-action-hash=\"#elementor-action%3Aaction%3Dlightbox%26settings%3DeyJpZCI6NDM0LCJ1cmwiOiJodHRwczpcL1wvcm91ZWxpYnJlLWFxdWl0YWluZS5jb21cL2ZyXC93cC1jb250ZW50XC91cGxvYWRzXC8yMDIxXC8wNFwvQm9yZGVhdXgxLXNjYWxlZC5qcGciLCJzbGlkZXNob3ciOiJjZDdhYjZkIn0%3D\" href='https:\/\/rouelibre-aquitaine.com\/fr\/wp-content\/uploads\/2021\/04\/Bordeaux1-scaled.jpg'><img loading=\"lazy\" decoding=\"async\" width=\"300\" height=\"193\" src=\"https:\/\/rouelibre-aquitaine.com\/fr\/wp-content\/uploads\/2021\/04\/Bordeaux1-300x193.jpg\" class=\"attachment-medium size-medium\" alt=\"Place de la Bourse\" aria-describedby=\"gallery-1-434\" srcset=\"https:\/\/rouelibre-aquitaine.com\/fr\/wp-content\/uploads\/2021\/04\/Bordeaux1-300x193.jpg 300w, https:\/\/rouelibre-aquitaine.com\/fr\/wp-content\/uploads\/2021\/04\/Bordeaux1-1024x659.jpg 1024w, https:\/\/rouelibre-aquitaine.com\/fr\/wp-content\/uploads\/2021\/04\/Bordeaux1-768x494.jpg 768w, https:\/\/rouelibre-aquitaine.com\/fr\/wp-content\/uploads\/2021\/04\/Bordeaux1-1536x989.jpg 1536w, https:\/\/rouelibre-aquitaine.com\/fr\/wp-content\/uploads\/2021\/04\/Bordeaux1-2048x1318.jpg 2048w\" sizes=\"auto, (max-width: 300px) 100vw, 300px\" \/><\/a>\n\t\t\t<\/div>\n\t\t\t\t<figcaption class='wp-caption-text gallery-caption' id='gallery-1-434'>\n\t\t\t\tPlace de la Bourse\n\t\t\t\t<\/figcaption><\/figure>\n\t\t<\/div>\n\t\t<\/div>\n\t\t\t\t<\/div>\n\t\t\t\t<\/div>\n\t\t\t\t<div class=\"elementor-element elementor-element-d9fe453 elementor-widget elementor-widget-spacer\" data-id=\"d9fe453\" data-element_type=\"widget\" data-widget_type=\"spacer.default\">\n\t\t\t\t<div class=\"elementor-widget-container\">\n\t\t\t\t\t<div class=\"elementor-spacer\">\n\t\t\t<div class=\"elementor-spacer-inner\"><\/div>\n\t\t<\/div>\n\t\t\t\t<\/div>\n\t\t\t\t<\/div>\n\t\t\t\t\t<\/div>\n\t\t<\/div>\n\t\t\t\t\t\t\t<\/div>\n\t\t<\/section>\n\t\t\t\t\t\t\t<\/div>\n\t\t","protected":false},"excerpt":{"rendered":"<p>Graves et Sauternes Le ch\u00e2teau Yquem est inscrit aux monuments historiques depuis 2003. Si Bordeaux doit sa r\u00e9putation aux vins rouges, il n\u2019en existe pas moins de remarquables vins blancs. En parcourant le vignoble de Sauternes, vous d\u00e9couvrirez les vins liquoreux obtenus gr\u00e2ce au d\u00e9veloppement de la pourriture noble. Bien des choses s\u2019associent \u00e0 merveille [&hellip;]<\/p>\n","protected":false},"author":1,"featured_media":0,"parent":0,"menu_order":0,"comment_status":"closed","ping_status":"closed","template":"","meta":{"footnotes":""},"class_list":["post-228","page","type-page","status-publish","hentry","entry"],"yoast_head":"<!-- This site is optimized with the Yoast SEO plugin v19.10 - https:\/\/yoast.com\/wordpress\/plugins\/seo\/ -->\n<title>Graves &amp; Sauternes - Roue Libre Aquitaine<\/title>\n<meta name=\"robots\" content=\"index, follow, max-snippet:-1, max-image-preview:large, max-video-preview:-1\" \/>\n<link rel=\"canonical\" href=\"https:\/\/rouelibre-aquitaine.com\/fr\/graves-et-sauternes\/\" \/>\n<meta property=\"og:locale\" content=\"fr_FR\" \/>\n<meta property=\"og:type\" content=\"article\" \/>\n<meta property=\"og:title\" content=\"Graves &amp; Sauternes - Roue Libre Aquitaine\" \/>\n<meta property=\"og:description\" content=\"Graves et Sauternes Le ch\u00e2teau Yquem est inscrit aux monuments historiques depuis 2003. Si Bordeaux doit sa r\u00e9putation aux vins rouges, il n\u2019en existe pas moins de remarquables vins blancs. En parcourant le vignoble de Sauternes, vous d\u00e9couvrirez les vins liquoreux obtenus gr\u00e2ce au d\u00e9veloppement de la pourriture noble. Bien des choses s\u2019associent \u00e0 merveille [&hellip;]\" \/>\n<meta property=\"og:url\" content=\"https:\/\/rouelibre-aquitaine.com\/fr\/graves-et-sauternes\/\" \/>\n<meta property=\"og:site_name\" content=\"Roue Libre Aquitaine\" \/>\n<meta property=\"article:modified_time\" content=\"2023-04-26T00:06:48+00:00\" \/>\n<meta property=\"og:image\" content=\"http:\/\/rouelibre-aquitaine.com\/fr\/wp-content\/uploads\/2021\/04\/chateau-margaux-300x201.jpg\" \/>\n<meta name=\"twitter:card\" content=\"summary_large_image\" \/>\n<meta name=\"twitter:label1\" content=\"Dur\u00e9e de lecture estim\u00e9e\" \/>\n\t<meta name=\"twitter:data1\" content=\"1 minute\" \/>\n<script type=\"application\/ld+json\" class=\"yoast-schema-graph\">{\"@context\":\"https:\/\/schema.org\",\"@graph\":[{\"@type\":\"WebPage\",\"@id\":\"https:\/\/rouelibre-aquitaine.com\/fr\/graves-et-sauternes\/\",\"url\":\"https:\/\/rouelibre-aquitaine.com\/fr\/graves-et-sauternes\/\",\"name\":\"Graves & Sauternes - Roue Libre Aquitaine\",\"isPartOf\":{\"@id\":\"https:\/\/rouelibre-aquitaine.com\/fr\/#website\"},\"datePublished\":\"2021-04-26T07:57:32+00:00\",\"dateModified\":\"2023-04-26T00:06:48+00:00\",\"breadcrumb\":{\"@id\":\"https:\/\/rouelibre-aquitaine.com\/fr\/graves-et-sauternes\/#breadcrumb\"},\"inLanguage\":\"fr-FR\",\"potentialAction\":[{\"@type\":\"ReadAction\",\"target\":[\"https:\/\/rouelibre-aquitaine.com\/fr\/graves-et-sauternes\/\"]}]},{\"@type\":\"BreadcrumbList\",\"@id\":\"https:\/\/rouelibre-aquitaine.com\/fr\/graves-et-sauternes\/#breadcrumb\",\"itemListElement\":[{\"@type\":\"ListItem\",\"position\":1,\"name\":\"Accueil\",\"item\":\"https:\/\/rouelibre-aquitaine.com\/fr\/\"},{\"@type\":\"ListItem\",\"position\":2,\"name\":\"Graves &#038; Sauternes\"}]},{\"@type\":\"WebSite\",\"@id\":\"https:\/\/rouelibre-aquitaine.com\/fr\/#website\",\"url\":\"https:\/\/rouelibre-aquitaine.com\/fr\/\",\"name\":\"Roue Libre Aquitaine\",\"description\":\"Transport de personnes\",\"publisher\":{\"@id\":\"https:\/\/rouelibre-aquitaine.com\/fr\/#organization\"},\"potentialAction\":[{\"@type\":\"SearchAction\",\"target\":{\"@type\":\"EntryPoint\",\"urlTemplate\":\"https:\/\/rouelibre-aquitaine.com\/fr\/?s={search_term_string}\"},\"query-input\":\"required name=search_term_string\"}],\"inLanguage\":\"fr-FR\"},{\"@type\":\"Organization\",\"@id\":\"https:\/\/rouelibre-aquitaine.com\/fr\/#organization\",\"name\":\"Roue Libre Aquitaine\",\"url\":\"https:\/\/rouelibre-aquitaine.com\/fr\/\",\"logo\":{\"@type\":\"ImageObject\",\"inLanguage\":\"fr-FR\",\"@id\":\"https:\/\/rouelibre-aquitaine.com\/fr\/#\/schema\/logo\/image\/\",\"url\":\"https:\/\/rouelibre-aquitaine.com\/fr\/wp-content\/uploads\/2021\/04\/logo-blanc-2.png\",\"contentUrl\":\"https:\/\/rouelibre-aquitaine.com\/fr\/wp-content\/uploads\/2021\/04\/logo-blanc-2.png\",\"width\":75,\"height\":75,\"caption\":\"Roue Libre Aquitaine\"},\"image\":{\"@id\":\"https:\/\/rouelibre-aquitaine.com\/fr\/#\/schema\/logo\/image\/\"}}]}<\/script>\n<!-- \/ Yoast SEO plugin. -->","yoast_head_json":{"title":"Graves & Sauternes - Roue Libre Aquitaine","robots":{"index":"index","follow":"follow","max-snippet":"max-snippet:-1","max-image-preview":"max-image-preview:large","max-video-preview":"max-video-preview:-1"},"canonical":"https:\/\/rouelibre-aquitaine.com\/fr\/graves-et-sauternes\/","og_locale":"fr_FR","og_type":"article","og_title":"Graves & Sauternes - Roue Libre Aquitaine","og_description":"Graves et Sauternes Le ch\u00e2teau Yquem est inscrit aux monuments historiques depuis 2003. Si Bordeaux doit sa r\u00e9putation aux vins rouges, il n\u2019en existe pas moins de remarquables vins blancs. En parcourant le vignoble de Sauternes, vous d\u00e9couvrirez les vins liquoreux obtenus gr\u00e2ce au d\u00e9veloppement de la pourriture noble. Bien des choses s\u2019associent \u00e0 merveille [&hellip;]","og_url":"https:\/\/rouelibre-aquitaine.com\/fr\/graves-et-sauternes\/","og_site_name":"Roue Libre Aquitaine","article_modified_time":"2023-04-26T00:06:48+00:00","og_image":[{"url":"http:\/\/rouelibre-aquitaine.com\/fr\/wp-content\/uploads\/2021\/04\/chateau-margaux-300x201.jpg"}],"twitter_card":"summary_large_image","twitter_misc":{"Dur\u00e9e de lecture estim\u00e9e":"1 minute"},"schema":{"@context":"https:\/\/schema.org","@graph":[{"@type":"WebPage","@id":"https:\/\/rouelibre-aquitaine.com\/fr\/graves-et-sauternes\/","url":"https:\/\/rouelibre-aquitaine.com\/fr\/graves-et-sauternes\/","name":"Graves & Sauternes - Roue Libre Aquitaine","isPartOf":{"@id":"https:\/\/rouelibre-aquitaine.com\/fr\/#website"},"datePublished":"2021-04-26T07:57:32+00:00","dateModified":"2023-04-26T00:06:48+00:00","breadcrumb":{"@id":"https:\/\/rouelibre-aquitaine.com\/fr\/graves-et-sauternes\/#breadcrumb"},"inLanguage":"fr-FR","potentialAction":[{"@type":"ReadAction","target":["https:\/\/rouelibre-aquitaine.com\/fr\/graves-et-sauternes\/"]}]},{"@type":"BreadcrumbList","@id":"https:\/\/rouelibre-aquitaine.com\/fr\/graves-et-sauternes\/#breadcrumb","itemListElement":[{"@type":"ListItem","position":1,"name":"Accueil","item":"https:\/\/rouelibre-aquitaine.com\/fr\/"},{"@type":"ListItem","position":2,"name":"Graves &#038; Sauternes"}]},{"@type":"WebSite","@id":"https:\/\/rouelibre-aquitaine.com\/fr\/#website","url":"https:\/\/rouelibre-aquitaine.com\/fr\/","name":"Roue Libre Aquitaine","description":"Transport de personnes","publisher":{"@id":"https:\/\/rouelibre-aquitaine.com\/fr\/#organization"},"potentialAction":[{"@type":"SearchAction","target":{"@type":"EntryPoint","urlTemplate":"https:\/\/rouelibre-aquitaine.com\/fr\/?s={search_term_string}"},"query-input":"required name=search_term_string"}],"inLanguage":"fr-FR"},{"@type":"Organization","@id":"https:\/\/rouelibre-aquitaine.com\/fr\/#organization","name":"Roue Libre Aquitaine","url":"https:\/\/rouelibre-aquitaine.com\/fr\/","logo":{"@type":"ImageObject","inLanguage":"fr-FR","@id":"https:\/\/rouelibre-aquitaine.com\/fr\/#\/schema\/logo\/image\/","url":"https:\/\/rouelibre-aquitaine.com\/fr\/wp-content\/uploads\/2021\/04\/logo-blanc-2.png","contentUrl":"https:\/\/rouelibre-aquitaine.com\/fr\/wp-content\/uploads\/2021\/04\/logo-blanc-2.png","width":75,"height":75,"caption":"Roue Libre Aquitaine"},"image":{"@id":"https:\/\/rouelibre-aquitaine.com\/fr\/#\/schema\/logo\/image\/"}}]}},"_links":{"self":[{"href":"https:\/\/rouelibre-aquitaine.com\/fr\/wp-json\/wp\/v2\/pages\/228","targetHints":{"allow":["GET"]}}],"collection":[{"href":"https:\/\/rouelibre-aquitaine.com\/fr\/wp-json\/wp\/v2\/pages"}],"about":[{"href":"https:\/\/rouelibre-aquitaine.com\/fr\/wp-json\/wp\/v2\/types\/page"}],"author":[{"embeddable":true,"href":"https:\/\/rouelibre-aquitaine.com\/fr\/wp-json\/wp\/v2\/users\/1"}],"replies":[{"embeddable":true,"href":"https:\/\/rouelibre-aquitaine.com\/fr\/wp-json\/wp\/v2\/comments?post=228"}],"version-history":[{"count":14,"href":"https:\/\/rouelibre-aquitaine.com\/fr\/wp-json\/wp\/v2\/pages\/228\/revisions"}],"predecessor-version":[{"id":659,"href":"https:\/\/rouelibre-aquitaine.com\/fr\/wp-json\/wp\/v2\/pages\/228\/revisions\/659"}],"wp:attachment":[{"href":"https:\/\/rouelibre-aquitaine.com\/fr\/wp-json\/wp\/v2\/media?parent=228"}],"curies":[{"name":"wp","href":"https:\/\/api.w.org\/{rel}","templated":true}]}}