{"id":543,"date":"2021-05-17T09:41:28","date_gmt":"2021-05-17T07:41:28","guid":{"rendered":"https:\/\/rouelibre-aquitaine.com\/fr\/?page_id=543"},"modified":"2021-05-17T09:53:06","modified_gmt":"2021-05-17T07:53:06","slug":"mentions-legales","status":"publish","type":"page","link":"https:\/\/rouelibre-aquitaine.com\/fr\/mentions-legales\/","title":{"rendered":"Mentions l\u00e9gales"},"content":{"rendered":"\t\t<div data-elementor-type=\"wp-page\" data-elementor-id=\"543\" class=\"elementor elementor-543\">\n\t\t\t\t\t\t\t\t\t<section class=\"elementor-section elementor-top-section elementor-element elementor-element-6tvy454 elementor-section-height-min-height elementor-section-boxed elementor-section-height-default elementor-section-items-middle\" data-id=\"6tvy454\" data-element_type=\"section\" data-settings=\"{&quot;background_background&quot;:&quot;classic&quot;}\">\n\t\t\t\t\t\t\t<div class=\"elementor-background-overlay\"><\/div>\n\t\t\t\t\t\t\t<div class=\"elementor-container elementor-column-gap-default\">\n\t\t\t\t\t<div class=\"elementor-column elementor-col-100 elementor-top-column elementor-element elementor-element-sk8ylc5\" data-id=\"sk8ylc5\" data-element_type=\"column\">\n\t\t\t<div class=\"elementor-widget-wrap elementor-element-populated\">\n\t\t\t\t\t\t\t\t<div class=\"elementor-element elementor-element-8mmzn2w elementor-widget elementor-widget-heading\" data-id=\"8mmzn2w\" data-element_type=\"widget\" data-widget_type=\"heading.default\">\n\t\t\t\t<div class=\"elementor-widget-container\">\n\t\t\t<h2 class=\"elementor-heading-title elementor-size-default\">Mentions l\u00e9gales<\/h2>\t\t<\/div>\n\t\t\t\t<\/div>\n\t\t\t\t<div class=\"elementor-element elementor-element-9db0b90 elementor-widget elementor-widget-text-editor\" data-id=\"9db0b90\" data-element_type=\"widget\" data-widget_type=\"text-editor.default\">\n\t\t\t\t<div class=\"elementor-widget-container\">\n\t\t\t\t\t\t\t<p>Vous retrouverez ici toutes les informations n\u00e9c\u00e9ssaires<\/p>\t\t\t\t\t\t<\/div>\n\t\t\t\t<\/div>\n\t\t\t\t<div class=\"elementor-element elementor-element-vw83nta elementor-widget-divider--view-line elementor-widget elementor-widget-divider\" data-id=\"vw83nta\" data-element_type=\"widget\" data-widget_type=\"divider.default\">\n\t\t\t\t<div class=\"elementor-widget-container\">\n\t\t\t\t\t<div class=\"elementor-divider\">\n\t\t\t<span class=\"elementor-divider-separator\">\n\t\t\t\t\t\t<\/span>\n\t\t<\/div>\n\t\t\t\t<\/div>\n\t\t\t\t<\/div>\n\t\t\t\t<section class=\"elementor-section elementor-inner-section elementor-element elementor-element-84a8bf5 elementor-section-boxed elementor-section-height-default elementor-section-height-default\" data-id=\"84a8bf5\" data-element_type=\"section\">\n\t\t\t\t\t\t<div class=\"elementor-container elementor-column-gap-default\">\n\t\t\t\t\t<div class=\"elementor-column elementor-col-50 elementor-inner-column elementor-element elementor-element-5af4430\" data-id=\"5af4430\" data-element_type=\"column\">\n\t\t\t<div class=\"elementor-widget-wrap elementor-element-populated\">\n\t\t\t\t\t\t\t\t<div class=\"elementor-element elementor-element-5bc001d elementor-widget elementor-widget-text-editor\" data-id=\"5bc001d\" data-element_type=\"widget\" data-widget_type=\"text-editor.default\">\n\t\t\t\t<div class=\"elementor-widget-container\">\n\t\t\t\t\t\t\t<p>\u00c9diteur :\u00a0<\/p><p>Ce site www.rouelibre-aquitaine.com\u00a0est \u00e9dit\u00e9 par Hugo BERNEDO (hugobernedo@gmail.com)<\/p><p>Directeur de la publication : Patrick BERNEDO, G\u00e9rant<\/p><p>H\u00e9bergement :\u00a0Soci\u00e9t\u00e9 OVH<\/p><p>Si\u00e8ge social : 2 rue Kellermann &#8211; 59100 Roubaix, France<br \/>T\u00e9l. +33 (0)8 99 70 17 61<br \/>Site web : www.ovh.com<\/p>\t\t\t\t\t\t<\/div>\n\t\t\t\t<\/div>\n\t\t\t\t\t<\/div>\n\t\t<\/div>\n\t\t\t\t<div class=\"elementor-column elementor-col-50 elementor-inner-column elementor-element elementor-element-699c944\" data-id=\"699c944\" data-element_type=\"column\">\n\t\t\t<div class=\"elementor-widget-wrap elementor-element-populated\">\n\t\t\t\t\t\t\t\t<div class=\"elementor-element elementor-element-95d16d8 elementor-widget elementor-widget-text-editor\" data-id=\"95d16d8\" data-element_type=\"widget\" data-widget_type=\"text-editor.default\">\n\t\t\t\t<div class=\"elementor-widget-container\">\n\t\t\t\t\t\t\t<p>Entreprise :\u00a0<\/p><p>SARL Roue Libre Aquitaine au capital de \u00a0<span class=\"numdisplay\">7\u00a0622,45 \u20ac<\/span><\/p><p>RCS : Bordeaux B 395\u00a0388\u00a0762<\/p><p>SIRET : 39538876200050<\/p><p>Si\u00e8ge social : 10 all\u00e9e Montesquieu 33185 LE HAILLAN<\/p>\t\t\t\t\t\t<\/div>\n\t\t\t\t<\/div>\n\t\t\t\t\t<\/div>\n\t\t<\/div>\n\t\t\t\t\t\t\t<\/div>\n\t\t<\/section>\n\t\t\t\t<div class=\"elementor-element elementor-element-3cxzxx1 elementor-align-center elementor-widget elementor-widget-button\" data-id=\"3cxzxx1\" data-element_type=\"widget\" data-widget_type=\"button.default\">\n\t\t\t\t<div class=\"elementor-widget-container\">\n\t\t\t\t\t<div class=\"elementor-button-wrapper\">\n\t\t\t<a href=\"https:\/\/rouelibre-aquitaine.com\/fr\/?page_id=82\" class=\"elementor-button-link elementor-button elementor-size-sm\" role=\"button\">\n\t\t\t\t\t\t<span class=\"elementor-button-content-wrapper\">\n\t\t\t\t\t\t<span class=\"elementor-button-text\">Nous trouver<\/span>\n\t\t<\/span>\n\t\t\t\t\t<\/a>\n\t\t<\/div>\n\t\t\t\t<\/div>\n\t\t\t\t<\/div>\n\t\t\t\t\t<\/div>\n\t\t<\/div>\n\t\t\t\t\t\t\t<\/div>\n\t\t<\/section>\n\t\t\t\t\t\t\t<\/div>\n\t\t","protected":false},"excerpt":{"rendered":"<p>Mentions l\u00e9gales Vous retrouverez ici toutes les informations n\u00e9c\u00e9ssaires \u00c9diteur :\u00a0 Ce site www.rouelibre-aquitaine.com\u00a0est \u00e9dit\u00e9 par Hugo BERNEDO (hugobernedo@gmail.com) Directeur de la publication : Patrick BERNEDO, G\u00e9rant H\u00e9bergement :\u00a0Soci\u00e9t\u00e9 OVH Si\u00e8ge social : 2 rue Kellermann &#8211; 59100 Roubaix, FranceT\u00e9l. +33 (0)8 99 70 17 61Site web : www.ovh.com Entreprise :\u00a0 SARL Roue Libre Aquitaine [&hellip;]<\/p>\n","protected":false},"author":1,"featured_media":0,"parent":0,"menu_order":0,"comment_status":"closed","ping_status":"closed","template":"","meta":{"footnotes":""},"class_list":["post-543","page","type-page","status-publish","hentry","entry"],"yoast_head":"<!-- This site is optimized with the Yoast SEO plugin v19.10 - https:\/\/yoast.com\/wordpress\/plugins\/seo\/ -->\n<title>Mentions l\u00e9gales - Roue Libre Aquitaine<\/title>\n<meta name=\"robots\" content=\"index, follow, max-snippet:-1, max-image-preview:large, max-video-preview:-1\" \/>\n<link rel=\"canonical\" href=\"https:\/\/rouelibre-aquitaine.com\/fr\/mentions-legales\/\" \/>\n<meta property=\"og:locale\" content=\"fr_FR\" \/>\n<meta property=\"og:type\" content=\"article\" \/>\n<meta property=\"og:title\" content=\"Mentions l\u00e9gales - Roue Libre Aquitaine\" \/>\n<meta property=\"og:description\" content=\"Mentions l\u00e9gales Vous retrouverez ici toutes les informations n\u00e9c\u00e9ssaires \u00c9diteur :\u00a0 Ce site www.rouelibre-aquitaine.com\u00a0est \u00e9dit\u00e9 par Hugo BERNEDO (hugobernedo@gmail.com) Directeur de la publication : Patrick BERNEDO, G\u00e9rant H\u00e9bergement :\u00a0Soci\u00e9t\u00e9 OVH Si\u00e8ge social : 2 rue Kellermann &#8211; 59100 Roubaix, FranceT\u00e9l. +33 (0)8 99 70 17 61Site web : www.ovh.com Entreprise :\u00a0 SARL Roue Libre Aquitaine [&hellip;]\" \/>\n<meta property=\"og:url\" content=\"https:\/\/rouelibre-aquitaine.com\/fr\/mentions-legales\/\" \/>\n<meta property=\"og:site_name\" content=\"Roue Libre Aquitaine\" \/>\n<meta property=\"article:modified_time\" content=\"2021-05-17T07:53:06+00:00\" \/>\n<meta name=\"twitter:card\" content=\"summary_large_image\" \/>\n<meta name=\"twitter:label1\" content=\"Dur\u00e9e de lecture estim\u00e9e\" \/>\n\t<meta name=\"twitter:data1\" content=\"1 minute\" \/>\n<script type=\"application\/ld+json\" class=\"yoast-schema-graph\">{\"@context\":\"https:\/\/schema.org\",\"@graph\":[{\"@type\":\"WebPage\",\"@id\":\"https:\/\/rouelibre-aquitaine.com\/fr\/mentions-legales\/\",\"url\":\"https:\/\/rouelibre-aquitaine.com\/fr\/mentions-legales\/\",\"name\":\"Mentions l\u00e9gales - Roue Libre Aquitaine\",\"isPartOf\":{\"@id\":\"https:\/\/rouelibre-aquitaine.com\/fr\/#website\"},\"datePublished\":\"2021-05-17T07:41:28+00:00\",\"dateModified\":\"2021-05-17T07:53:06+00:00\",\"breadcrumb\":{\"@id\":\"https:\/\/rouelibre-aquitaine.com\/fr\/mentions-legales\/#breadcrumb\"},\"inLanguage\":\"fr-FR\",\"potentialAction\":[{\"@type\":\"ReadAction\",\"target\":[\"https:\/\/rouelibre-aquitaine.com\/fr\/mentions-legales\/\"]}]},{\"@type\":\"BreadcrumbList\",\"@id\":\"https:\/\/rouelibre-aquitaine.com\/fr\/mentions-legales\/#breadcrumb\",\"itemListElement\":[{\"@type\":\"ListItem\",\"position\":1,\"name\":\"Accueil\",\"item\":\"https:\/\/rouelibre-aquitaine.com\/fr\/\"},{\"@type\":\"ListItem\",\"position\":2,\"name\":\"Mentions l\u00e9gales\"}]},{\"@type\":\"WebSite\",\"@id\":\"https:\/\/rouelibre-aquitaine.com\/fr\/#website\",\"url\":\"https:\/\/rouelibre-aquitaine.com\/fr\/\",\"name\":\"Roue Libre Aquitaine\",\"description\":\"Transport de personnes\",\"publisher\":{\"@id\":\"https:\/\/rouelibre-aquitaine.com\/fr\/#organization\"},\"potentialAction\":[{\"@type\":\"SearchAction\",\"target\":{\"@type\":\"EntryPoint\",\"urlTemplate\":\"https:\/\/rouelibre-aquitaine.com\/fr\/?s={search_term_string}\"},\"query-input\":\"required name=search_term_string\"}],\"inLanguage\":\"fr-FR\"},{\"@type\":\"Organization\",\"@id\":\"https:\/\/rouelibre-aquitaine.com\/fr\/#organization\",\"name\":\"Roue Libre Aquitaine\",\"url\":\"https:\/\/rouelibre-aquitaine.com\/fr\/\",\"logo\":{\"@type\":\"ImageObject\",\"inLanguage\":\"fr-FR\",\"@id\":\"https:\/\/rouelibre-aquitaine.com\/fr\/#\/schema\/logo\/image\/\",\"url\":\"https:\/\/rouelibre-aquitaine.com\/fr\/wp-content\/uploads\/2021\/04\/logo-blanc-2.png\",\"contentUrl\":\"https:\/\/rouelibre-aquitaine.com\/fr\/wp-content\/uploads\/2021\/04\/logo-blanc-2.png\",\"width\":75,\"height\":75,\"caption\":\"Roue Libre Aquitaine\"},\"image\":{\"@id\":\"https:\/\/rouelibre-aquitaine.com\/fr\/#\/schema\/logo\/image\/\"}}]}<\/script>\n<!-- \/ Yoast SEO plugin. -->","yoast_head_json":{"title":"Mentions l\u00e9gales - Roue Libre Aquitaine","robots":{"index":"index","follow":"follow","max-snippet":"max-snippet:-1","max-image-preview":"max-image-preview:large","max-video-preview":"max-video-preview:-1"},"canonical":"https:\/\/rouelibre-aquitaine.com\/fr\/mentions-legales\/","og_locale":"fr_FR","og_type":"article","og_title":"Mentions l\u00e9gales - Roue Libre Aquitaine","og_description":"Mentions l\u00e9gales Vous retrouverez ici toutes les informations n\u00e9c\u00e9ssaires \u00c9diteur :\u00a0 Ce site www.rouelibre-aquitaine.com\u00a0est \u00e9dit\u00e9 par Hugo BERNEDO (hugobernedo@gmail.com) Directeur de la publication : Patrick BERNEDO, G\u00e9rant H\u00e9bergement :\u00a0Soci\u00e9t\u00e9 OVH Si\u00e8ge social : 2 rue Kellermann &#8211; 59100 Roubaix, FranceT\u00e9l. +33 (0)8 99 70 17 61Site web : www.ovh.com Entreprise :\u00a0 SARL Roue Libre Aquitaine [&hellip;]","og_url":"https:\/\/rouelibre-aquitaine.com\/fr\/mentions-legales\/","og_site_name":"Roue Libre Aquitaine","article_modified_time":"2021-05-17T07:53:06+00:00","twitter_card":"summary_large_image","twitter_misc":{"Dur\u00e9e de lecture estim\u00e9e":"1 minute"},"schema":{"@context":"https:\/\/schema.org","@graph":[{"@type":"WebPage","@id":"https:\/\/rouelibre-aquitaine.com\/fr\/mentions-legales\/","url":"https:\/\/rouelibre-aquitaine.com\/fr\/mentions-legales\/","name":"Mentions l\u00e9gales - Roue Libre Aquitaine","isPartOf":{"@id":"https:\/\/rouelibre-aquitaine.com\/fr\/#website"},"datePublished":"2021-05-17T07:41:28+00:00","dateModified":"2021-05-17T07:53:06+00:00","breadcrumb":{"@id":"https:\/\/rouelibre-aquitaine.com\/fr\/mentions-legales\/#breadcrumb"},"inLanguage":"fr-FR","potentialAction":[{"@type":"ReadAction","target":["https:\/\/rouelibre-aquitaine.com\/fr\/mentions-legales\/"]}]},{"@type":"BreadcrumbList","@id":"https:\/\/rouelibre-aquitaine.com\/fr\/mentions-legales\/#breadcrumb","itemListElement":[{"@type":"ListItem","position":1,"name":"Accueil","item":"https:\/\/rouelibre-aquitaine.com\/fr\/"},{"@type":"ListItem","position":2,"name":"Mentions l\u00e9gales"}]},{"@type":"WebSite","@id":"https:\/\/rouelibre-aquitaine.com\/fr\/#website","url":"https:\/\/rouelibre-aquitaine.com\/fr\/","name":"Roue Libre Aquitaine","description":"Transport de personnes","publisher":{"@id":"https:\/\/rouelibre-aquitaine.com\/fr\/#organization"},"potentialAction":[{"@type":"SearchAction","target":{"@type":"EntryPoint","urlTemplate":"https:\/\/rouelibre-aquitaine.com\/fr\/?s={search_term_string}"},"query-input":"required name=search_term_string"}],"inLanguage":"fr-FR"},{"@type":"Organization","@id":"https:\/\/rouelibre-aquitaine.com\/fr\/#organization","name":"Roue Libre Aquitaine","url":"https:\/\/rouelibre-aquitaine.com\/fr\/","logo":{"@type":"ImageObject","inLanguage":"fr-FR","@id":"https:\/\/rouelibre-aquitaine.com\/fr\/#\/schema\/logo\/image\/","url":"https:\/\/rouelibre-aquitaine.com\/fr\/wp-content\/uploads\/2021\/04\/logo-blanc-2.png","contentUrl":"https:\/\/rouelibre-aquitaine.com\/fr\/wp-content\/uploads\/2021\/04\/logo-blanc-2.png","width":75,"height":75,"caption":"Roue Libre Aquitaine"},"image":{"@id":"https:\/\/rouelibre-aquitaine.com\/fr\/#\/schema\/logo\/image\/"}}]}},"_links":{"self":[{"href":"https:\/\/rouelibre-aquitaine.com\/fr\/wp-json\/wp\/v2\/pages\/543","targetHints":{"allow":["GET"]}}],"collection":[{"href":"https:\/\/rouelibre-aquitaine.com\/fr\/wp-json\/wp\/v2\/pages"}],"about":[{"href":"https:\/\/rouelibre-aquitaine.com\/fr\/wp-json\/wp\/v2\/types\/page"}],"author":[{"embeddable":true,"href":"https:\/\/rouelibre-aquitaine.com\/fr\/wp-json\/wp\/v2\/users\/1"}],"replies":[{"embeddable":true,"href":"https:\/\/rouelibre-aquitaine.com\/fr\/wp-json\/wp\/v2\/comments?post=543"}],"version-history":[{"count":4,"href":"https:\/\/rouelibre-aquitaine.com\/fr\/wp-json\/wp\/v2\/pages\/543\/revisions"}],"predecessor-version":[{"id":549,"href":"https:\/\/rouelibre-aquitaine.com\/fr\/wp-json\/wp\/v2\/pages\/543\/revisions\/549"}],"wp:attachment":[{"href":"https:\/\/rouelibre-aquitaine.com\/fr\/wp-json\/wp\/v2\/media?parent=543"}],"curies":[{"name":"wp","href":"https:\/\/api.w.org\/{rel}","templated":true}]}}