{"id":82,"date":"2016-11-29T05:05:02","date_gmt":"2016-11-29T05:05:02","guid":{"rendered":"https:\/\/oceanwp.org\/stylish\/?page_id=82"},"modified":"2025-06-28T23:14:15","modified_gmt":"2025-06-28T21:14:15","slug":"contact","status":"publish","type":"page","link":"https:\/\/rouelibre-aquitaine.com\/fr\/contact\/","title":{"rendered":"Nous trouver"},"content":{"rendered":"\t\t<div data-elementor-type=\"wp-page\" data-elementor-id=\"82\" class=\"elementor elementor-82\">\n\t\t\t\t\t\t\t\t\t<section class=\"elementor-section elementor-top-section elementor-element elementor-element-hdhwtjh elementor-section-boxed elementor-section-height-default elementor-section-height-default\" data-id=\"hdhwtjh\" data-element_type=\"section\">\n\t\t\t\t\t\t<div class=\"elementor-container elementor-column-gap-default\">\n\t\t\t\t\t<div class=\"elementor-column elementor-col-100 elementor-top-column elementor-element elementor-element-hencdof\" data-id=\"hencdof\" data-element_type=\"column\">\n\t\t\t<div class=\"elementor-widget-wrap elementor-element-populated\">\n\t\t\t\t\t\t\t\t<div class=\"elementor-element elementor-element-ffoelsr elementor-widget elementor-widget-heading\" data-id=\"ffoelsr\" data-element_type=\"widget\" data-widget_type=\"heading.default\">\n\t\t\t\t<div class=\"elementor-widget-container\">\n\t\t\t<h2 class=\"elementor-heading-title elementor-size-default\">O\u00f9 sommes nous ?<\/h2>\t\t<\/div>\n\t\t\t\t<\/div>\n\t\t\t\t\t<\/div>\n\t\t<\/div>\n\t\t\t\t\t\t\t<\/div>\n\t\t<\/section>\n\t\t\t\t<section class=\"elementor-section elementor-top-section elementor-element elementor-element-572479b elementor-section-boxed elementor-section-height-default elementor-section-height-default\" data-id=\"572479b\" data-element_type=\"section\">\n\t\t\t\t\t\t<div class=\"elementor-container elementor-column-gap-default\">\n\t\t\t\t\t<div class=\"elementor-column elementor-col-100 elementor-top-column elementor-element elementor-element-13e010b\" data-id=\"13e010b\" data-element_type=\"column\">\n\t\t\t<div class=\"elementor-widget-wrap elementor-element-populated\">\n\t\t\t\t\t\t\t\t<section class=\"elementor-section elementor-inner-section elementor-element elementor-element-131eb45 elementor-section-boxed elementor-section-height-default elementor-section-height-default\" data-id=\"131eb45\" data-element_type=\"section\">\n\t\t\t\t\t\t<div class=\"elementor-container elementor-column-gap-default\">\n\t\t\t\t\t<div class=\"elementor-column elementor-col-50 elementor-inner-column elementor-element elementor-element-e6f0df4\" data-id=\"e6f0df4\" data-element_type=\"column\">\n\t\t\t<div class=\"elementor-widget-wrap elementor-element-populated\">\n\t\t\t\t\t\t\t\t<div class=\"elementor-element elementor-element-0538a4e elementor-widget elementor-widget-google_maps\" data-id=\"0538a4e\" data-element_type=\"widget\" data-widget_type=\"google_maps.default\">\n\t\t\t\t<div class=\"elementor-widget-container\">\n\t\t\t\t\t<div class=\"elementor-custom-embed\">\n\t\t\t<iframe frameborder=\"0\" scrolling=\"no\" marginheight=\"0\" marginwidth=\"0\"\n\t\t\t\t\tsrc=\"https:\/\/maps.google.com\/maps?q=roue%20libre%20aquitaine&#038;t=m&#038;z=12&#038;output=embed&#038;iwloc=near\"\n\t\t\t\t\ttitle=\"roue libre aquitaine\"\n\t\t\t\t\taria-label=\"roue libre aquitaine\"\n\t\t\t><\/iframe>\n\t\t<\/div>\n\t\t\t\t<\/div>\n\t\t\t\t<\/div>\n\t\t\t\t\t<\/div>\n\t\t<\/div>\n\t\t\t\t<div class=\"elementor-column elementor-col-50 elementor-inner-column elementor-element elementor-element-2587efc\" data-id=\"2587efc\" data-element_type=\"column\">\n\t\t\t<div class=\"elementor-widget-wrap elementor-element-populated\">\n\t\t\t\t\t\t\t\t<div class=\"elementor-element elementor-element-1817a1d elementor-widget elementor-widget-heading\" data-id=\"1817a1d\" data-element_type=\"widget\" data-widget_type=\"heading.default\">\n\t\t\t\t<div class=\"elementor-widget-container\">\n\t\t\t<h1 class=\"elementor-heading-title elementor-size-default\">Un mot du g\u00e9rant<\/h1>\t\t<\/div>\n\t\t\t\t<\/div>\n\t\t\t\t<div class=\"elementor-element elementor-element-ac7dbb9 elementor-widget elementor-widget-image\" data-id=\"ac7dbb9\" data-element_type=\"widget\" data-widget_type=\"image.default\">\n\t\t\t\t<div class=\"elementor-widget-container\">\n\t\t\t\t\t\t\t\t\t\t\t\t\t\t\t<img loading=\"lazy\" decoding=\"async\" width=\"300\" height=\"300\" src=\"https:\/\/rouelibre-aquitaine.com\/fr\/wp-content\/uploads\/2025\/06\/IMG_6204-300x300.jpeg\" class=\"attachment-medium size-medium\" alt=\"\" srcset=\"https:\/\/rouelibre-aquitaine.com\/fr\/wp-content\/uploads\/2025\/06\/IMG_6204-300x300.jpeg 300w, https:\/\/rouelibre-aquitaine.com\/fr\/wp-content\/uploads\/2025\/06\/IMG_6204-1024x1024.jpeg 1024w, https:\/\/rouelibre-aquitaine.com\/fr\/wp-content\/uploads\/2025\/06\/IMG_6204-150x150.jpeg 150w, https:\/\/rouelibre-aquitaine.com\/fr\/wp-content\/uploads\/2025\/06\/IMG_6204-768x768.jpeg 768w, https:\/\/rouelibre-aquitaine.com\/fr\/wp-content\/uploads\/2025\/06\/IMG_6204-1536x1536.jpeg 1536w, https:\/\/rouelibre-aquitaine.com\/fr\/wp-content\/uploads\/2025\/06\/IMG_6204-2048x2048.jpeg 2048w, https:\/\/rouelibre-aquitaine.com\/fr\/wp-content\/uploads\/2025\/06\/IMG_6204-600x600.jpeg 600w\" sizes=\"auto, (max-width: 300px) 100vw, 300px\" \/>\t\t\t\t\t\t\t\t\t\t\t\t\t\t\t<\/div>\n\t\t\t\t<\/div>\n\t\t\t\t<div class=\"elementor-element elementor-element-c37d1dd elementor-widget elementor-widget-text-editor\" data-id=\"c37d1dd\" data-element_type=\"widget\" data-widget_type=\"text-editor.default\">\n\t\t\t\t<div class=\"elementor-widget-container\">\n\t\t\t\t\t\t\t<p>Patrick Bernedo, g\u00e9rant et fondateur de la soci\u00e9t\u00e9, est fier d\u2019assurer un service de qualit\u00e9 depuis 1994, ann\u00e9e de sa cr\u00e9ation. Fort d\u2019une premi\u00e8re exp\u00e9rience significative dans le secteur de l\u2019h\u00f4tellerie, il y a d\u00e9velopp\u00e9 un go\u00fbt prononc\u00e9 pour le service et d\u00e9couvert l\u2019univers de l\u2019\u0153nologie. L\u2019obtention de son dipl\u00f4me en \u0153nologie a naturellement conduit \u00e0 la cr\u00e9ation de l\u2019entreprise, lui offrant l\u2019opportunit\u00e9 de partager sa passion tout en valorisant sa r\u00e9gion.<\/p>\n<p>Aujourd\u2019hui, il est heureux de proposer des prestations vari\u00e9es autour du transport de personnes, incluant les d\u00e9placements professionnels ainsi que l\u2019accompagnement de personnes en situation de handicap, toujours avec le m\u00eame souci de qualit\u00e9 et d\u2019attention personnalis\u00e9e.<\/p>\t\t\t\t\t\t<\/div>\n\t\t\t\t<\/div>\n\t\t\t\t\t<\/div>\n\t\t<\/div>\n\t\t\t\t\t\t\t<\/div>\n\t\t<\/section>\n\t\t\t\t\t<\/div>\n\t\t<\/div>\n\t\t\t\t\t\t\t<\/div>\n\t\t<\/section>\n\t\t\t\t<section class=\"elementor-section elementor-top-section elementor-element elementor-element-1da60af elementor-section-boxed elementor-section-height-default elementor-section-height-default\" data-id=\"1da60af\" data-element_type=\"section\">\n\t\t\t\t\t\t<div class=\"elementor-container elementor-column-gap-default\">\n\t\t\t\t\t<div class=\"elementor-column elementor-col-33 elementor-top-column elementor-element elementor-element-2601b01\" data-id=\"2601b01\" data-element_type=\"column\">\n\t\t\t<div class=\"elementor-widget-wrap elementor-element-populated\">\n\t\t\t\t\t\t\t\t<div class=\"elementor-element elementor-element-d42c55c elementor-view-framed elementor-shape-circle elementor-widget elementor-widget-icon\" data-id=\"d42c55c\" data-element_type=\"widget\" data-widget_type=\"icon.default\">\n\t\t\t\t<div class=\"elementor-widget-container\">\n\t\t\t\t\t<div class=\"elementor-icon-wrapper\">\n\t\t\t<a class=\"elementor-icon\" href=\"https:\/\/goo.gl\/maps\/T9ukj1Q7E9f65ED87\" target=\"_blank\">\n\t\t\t<i aria-hidden=\"true\" class=\"far fa-map\"><\/i>\t\t\t<\/a>\n\t\t<\/div>\n\t\t\t\t<\/div>\n\t\t\t\t<\/div>\n\t\t\t\t<div class=\"elementor-element elementor-element-9b0a5c1 elementor-widget elementor-widget-text-editor\" data-id=\"9b0a5c1\" data-element_type=\"widget\" data-widget_type=\"text-editor.default\">\n\t\t\t\t<div class=\"elementor-widget-container\">\n\t\t\t\t\t\t\t<p>10 all\u00e9e Montesquieu\u00a0<\/p><p>33185 LE HAILLAN<\/p><p>FRANCE<\/p>\t\t\t\t\t\t<\/div>\n\t\t\t\t<\/div>\n\t\t\t\t\t<\/div>\n\t\t<\/div>\n\t\t\t\t<div class=\"elementor-column elementor-col-33 elementor-top-column elementor-element elementor-element-864ef57\" data-id=\"864ef57\" data-element_type=\"column\">\n\t\t\t<div class=\"elementor-widget-wrap elementor-element-populated\">\n\t\t\t\t\t\t\t\t<div class=\"elementor-element elementor-element-60a3643 elementor-view-framed elementor-shape-circle elementor-widget elementor-widget-icon\" data-id=\"60a3643\" data-element_type=\"widget\" data-widget_type=\"icon.default\">\n\t\t\t\t<div class=\"elementor-widget-container\">\n\t\t\t\t\t<div class=\"elementor-icon-wrapper\">\n\t\t\t<a class=\"elementor-icon\" href=\"tel:0033613770199\">\n\t\t\t<i aria-hidden=\"true\" class=\"fas fa-phone\"><\/i>\t\t\t<\/a>\n\t\t<\/div>\n\t\t\t\t<\/div>\n\t\t\t\t<\/div>\n\t\t\t\t<div class=\"elementor-element elementor-element-33ef4e5 elementor-widget elementor-widget-text-editor\" data-id=\"33ef4e5\" data-element_type=\"widget\" data-widget_type=\"text-editor.default\">\n\t\t\t\t<div class=\"elementor-widget-container\">\n\t\t\t\t\t\t\t<a href=\"tel:0033613770199\">T\u00e9l\u00e9phone : +33613770199<\/a>\t\t\t\t\t\t<\/div>\n\t\t\t\t<\/div>\n\t\t\t\t\t<\/div>\n\t\t<\/div>\n\t\t\t\t<div class=\"elementor-column elementor-col-33 elementor-top-column elementor-element elementor-element-72be678\" data-id=\"72be678\" data-element_type=\"column\">\n\t\t\t<div class=\"elementor-widget-wrap elementor-element-populated\">\n\t\t\t\t\t\t\t\t<div class=\"elementor-element elementor-element-3291628 elementor-view-framed elementor-shape-circle elementor-widget elementor-widget-icon\" data-id=\"3291628\" data-element_type=\"widget\" data-widget_type=\"icon.default\">\n\t\t\t\t<div class=\"elementor-widget-container\">\n\t\t\t\t\t<div class=\"elementor-icon-wrapper\">\n\t\t\t<a class=\"elementor-icon\" href=\"mailto:contact@rouelibre-aquitaine.com\">\n\t\t\t<i aria-hidden=\"true\" class=\"far fa-envelope\"><\/i>\t\t\t<\/a>\n\t\t<\/div>\n\t\t\t\t<\/div>\n\t\t\t\t<\/div>\n\t\t\t\t<div class=\"elementor-element elementor-element-6d986b0 elementor-widget elementor-widget-text-editor\" data-id=\"6d986b0\" data-element_type=\"widget\" data-widget_type=\"text-editor.default\">\n\t\t\t\t<div class=\"elementor-widget-container\">\n\t\t\t\t\t\t\t<a href=\"mailto:contact@rouelibre-aquitaine.com\">contact@rouelibre-aquitaine.com<\/a>\t\t\t\t\t\t<\/div>\n\t\t\t\t<\/div>\n\t\t\t\t\t<\/div>\n\t\t<\/div>\n\t\t\t\t\t\t\t<\/div>\n\t\t<\/section>\n\t\t\t\t\t\t\t<\/div>\n\t\t","protected":false},"excerpt":{"rendered":"<p>O\u00f9 sommes nous ? Un mot du g\u00e9rant Patrick Bernedo, g\u00e9rant et fondateur de la soci\u00e9t\u00e9, est fier d\u2019assurer un service de qualit\u00e9 depuis 1994, ann\u00e9e de sa cr\u00e9ation. Fort d\u2019une premi\u00e8re exp\u00e9rience significative dans le secteur de l\u2019h\u00f4tellerie, il y a d\u00e9velopp\u00e9 un go\u00fbt prononc\u00e9 pour le service et d\u00e9couvert l\u2019univers de l\u2019\u0153nologie. L\u2019obtention [&hellip;]<\/p>\n","protected":false},"author":1,"featured_media":0,"parent":0,"menu_order":0,"comment_status":"closed","ping_status":"closed","template":"","meta":{"footnotes":""},"class_list":["post-82","page","type-page","status-publish","hentry","entry"],"yoast_head":"<!-- This site is optimized with the Yoast SEO plugin v19.10 - https:\/\/yoast.com\/wordpress\/plugins\/seo\/ -->\n<title>Nous trouver - Roue Libre Aquitaine<\/title>\n<meta name=\"robots\" content=\"index, follow, max-snippet:-1, max-image-preview:large, max-video-preview:-1\" \/>\n<link rel=\"canonical\" href=\"http:\/\/rouelibre-aquitaine.com\/fr\/contact\/\" \/>\n<meta property=\"og:locale\" content=\"fr_FR\" \/>\n<meta property=\"og:type\" content=\"article\" \/>\n<meta property=\"og:title\" content=\"Nous trouver - Roue Libre Aquitaine\" \/>\n<meta property=\"og:description\" content=\"O\u00f9 sommes nous ? Un mot du g\u00e9rant Patrick Bernedo, g\u00e9rant et fondateur de la soci\u00e9t\u00e9, est fier d\u2019assurer un service de qualit\u00e9 depuis 1994, ann\u00e9e de sa cr\u00e9ation. Fort d\u2019une premi\u00e8re exp\u00e9rience significative dans le secteur de l\u2019h\u00f4tellerie, il y a d\u00e9velopp\u00e9 un go\u00fbt prononc\u00e9 pour le service et d\u00e9couvert l\u2019univers de l\u2019\u0153nologie. L\u2019obtention [&hellip;]\" \/>\n<meta property=\"og:url\" content=\"http:\/\/rouelibre-aquitaine.com\/fr\/contact\/\" \/>\n<meta property=\"og:site_name\" content=\"Roue Libre Aquitaine\" \/>\n<meta property=\"article:modified_time\" content=\"2025-06-28T21:14:15+00:00\" \/>\n<meta property=\"og:image\" content=\"http:\/\/rouelibre-aquitaine.com\/fr\/wp-content\/uploads\/2025\/06\/IMG_6204-300x300.jpeg\" \/>\n<meta name=\"twitter:card\" content=\"summary_large_image\" \/>\n<meta name=\"twitter:label1\" content=\"Dur\u00e9e de lecture estim\u00e9e\" \/>\n\t<meta name=\"twitter:data1\" content=\"1 minute\" \/>\n<script type=\"application\/ld+json\" class=\"yoast-schema-graph\">{\"@context\":\"https:\/\/schema.org\",\"@graph\":[{\"@type\":\"WebPage\",\"@id\":\"http:\/\/rouelibre-aquitaine.com\/fr\/contact\/\",\"url\":\"http:\/\/rouelibre-aquitaine.com\/fr\/contact\/\",\"name\":\"Nous trouver - Roue Libre Aquitaine\",\"isPartOf\":{\"@id\":\"https:\/\/rouelibre-aquitaine.com\/fr\/#website\"},\"datePublished\":\"2016-11-29T05:05:02+00:00\",\"dateModified\":\"2025-06-28T21:14:15+00:00\",\"breadcrumb\":{\"@id\":\"http:\/\/rouelibre-aquitaine.com\/fr\/contact\/#breadcrumb\"},\"inLanguage\":\"fr-FR\",\"potentialAction\":[{\"@type\":\"ReadAction\",\"target\":[\"http:\/\/rouelibre-aquitaine.com\/fr\/contact\/\"]}]},{\"@type\":\"BreadcrumbList\",\"@id\":\"http:\/\/rouelibre-aquitaine.com\/fr\/contact\/#breadcrumb\",\"itemListElement\":[{\"@type\":\"ListItem\",\"position\":1,\"name\":\"Accueil\",\"item\":\"https:\/\/rouelibre-aquitaine.com\/fr\/\"},{\"@type\":\"ListItem\",\"position\":2,\"name\":\"Nous trouver\"}]},{\"@type\":\"WebSite\",\"@id\":\"https:\/\/rouelibre-aquitaine.com\/fr\/#website\",\"url\":\"https:\/\/rouelibre-aquitaine.com\/fr\/\",\"name\":\"Roue Libre Aquitaine\",\"description\":\"Transport de personnes\",\"publisher\":{\"@id\":\"https:\/\/rouelibre-aquitaine.com\/fr\/#organization\"},\"potentialAction\":[{\"@type\":\"SearchAction\",\"target\":{\"@type\":\"EntryPoint\",\"urlTemplate\":\"https:\/\/rouelibre-aquitaine.com\/fr\/?s={search_term_string}\"},\"query-input\":\"required name=search_term_string\"}],\"inLanguage\":\"fr-FR\"},{\"@type\":\"Organization\",\"@id\":\"https:\/\/rouelibre-aquitaine.com\/fr\/#organization\",\"name\":\"Roue Libre Aquitaine\",\"url\":\"https:\/\/rouelibre-aquitaine.com\/fr\/\",\"logo\":{\"@type\":\"ImageObject\",\"inLanguage\":\"fr-FR\",\"@id\":\"https:\/\/rouelibre-aquitaine.com\/fr\/#\/schema\/logo\/image\/\",\"url\":\"https:\/\/rouelibre-aquitaine.com\/fr\/wp-content\/uploads\/2021\/04\/logo-blanc-2.png\",\"contentUrl\":\"https:\/\/rouelibre-aquitaine.com\/fr\/wp-content\/uploads\/2021\/04\/logo-blanc-2.png\",\"width\":75,\"height\":75,\"caption\":\"Roue Libre Aquitaine\"},\"image\":{\"@id\":\"https:\/\/rouelibre-aquitaine.com\/fr\/#\/schema\/logo\/image\/\"}}]}<\/script>\n<!-- \/ Yoast SEO plugin. -->","yoast_head_json":{"title":"Nous trouver - Roue Libre Aquitaine","robots":{"index":"index","follow":"follow","max-snippet":"max-snippet:-1","max-image-preview":"max-image-preview:large","max-video-preview":"max-video-preview:-1"},"canonical":"http:\/\/rouelibre-aquitaine.com\/fr\/contact\/","og_locale":"fr_FR","og_type":"article","og_title":"Nous trouver - Roue Libre Aquitaine","og_description":"O\u00f9 sommes nous ? Un mot du g\u00e9rant Patrick Bernedo, g\u00e9rant et fondateur de la soci\u00e9t\u00e9, est fier d\u2019assurer un service de qualit\u00e9 depuis 1994, ann\u00e9e de sa cr\u00e9ation. Fort d\u2019une premi\u00e8re exp\u00e9rience significative dans le secteur de l\u2019h\u00f4tellerie, il y a d\u00e9velopp\u00e9 un go\u00fbt prononc\u00e9 pour le service et d\u00e9couvert l\u2019univers de l\u2019\u0153nologie. L\u2019obtention [&hellip;]","og_url":"http:\/\/rouelibre-aquitaine.com\/fr\/contact\/","og_site_name":"Roue Libre Aquitaine","article_modified_time":"2025-06-28T21:14:15+00:00","og_image":[{"url":"http:\/\/rouelibre-aquitaine.com\/fr\/wp-content\/uploads\/2025\/06\/IMG_6204-300x300.jpeg"}],"twitter_card":"summary_large_image","twitter_misc":{"Dur\u00e9e de lecture estim\u00e9e":"1 minute"},"schema":{"@context":"https:\/\/schema.org","@graph":[{"@type":"WebPage","@id":"http:\/\/rouelibre-aquitaine.com\/fr\/contact\/","url":"http:\/\/rouelibre-aquitaine.com\/fr\/contact\/","name":"Nous trouver - Roue Libre Aquitaine","isPartOf":{"@id":"https:\/\/rouelibre-aquitaine.com\/fr\/#website"},"datePublished":"2016-11-29T05:05:02+00:00","dateModified":"2025-06-28T21:14:15+00:00","breadcrumb":{"@id":"http:\/\/rouelibre-aquitaine.com\/fr\/contact\/#breadcrumb"},"inLanguage":"fr-FR","potentialAction":[{"@type":"ReadAction","target":["http:\/\/rouelibre-aquitaine.com\/fr\/contact\/"]}]},{"@type":"BreadcrumbList","@id":"http:\/\/rouelibre-aquitaine.com\/fr\/contact\/#breadcrumb","itemListElement":[{"@type":"ListItem","position":1,"name":"Accueil","item":"https:\/\/rouelibre-aquitaine.com\/fr\/"},{"@type":"ListItem","position":2,"name":"Nous trouver"}]},{"@type":"WebSite","@id":"https:\/\/rouelibre-aquitaine.com\/fr\/#website","url":"https:\/\/rouelibre-aquitaine.com\/fr\/","name":"Roue Libre Aquitaine","description":"Transport de personnes","publisher":{"@id":"https:\/\/rouelibre-aquitaine.com\/fr\/#organization"},"potentialAction":[{"@type":"SearchAction","target":{"@type":"EntryPoint","urlTemplate":"https:\/\/rouelibre-aquitaine.com\/fr\/?s={search_term_string}"},"query-input":"required name=search_term_string"}],"inLanguage":"fr-FR"},{"@type":"Organization","@id":"https:\/\/rouelibre-aquitaine.com\/fr\/#organization","name":"Roue Libre Aquitaine","url":"https:\/\/rouelibre-aquitaine.com\/fr\/","logo":{"@type":"ImageObject","inLanguage":"fr-FR","@id":"https:\/\/rouelibre-aquitaine.com\/fr\/#\/schema\/logo\/image\/","url":"https:\/\/rouelibre-aquitaine.com\/fr\/wp-content\/uploads\/2021\/04\/logo-blanc-2.png","contentUrl":"https:\/\/rouelibre-aquitaine.com\/fr\/wp-content\/uploads\/2021\/04\/logo-blanc-2.png","width":75,"height":75,"caption":"Roue Libre Aquitaine"},"image":{"@id":"https:\/\/rouelibre-aquitaine.com\/fr\/#\/schema\/logo\/image\/"}}]}},"_links":{"self":[{"href":"https:\/\/rouelibre-aquitaine.com\/fr\/wp-json\/wp\/v2\/pages\/82","targetHints":{"allow":["GET"]}}],"collection":[{"href":"https:\/\/rouelibre-aquitaine.com\/fr\/wp-json\/wp\/v2\/pages"}],"about":[{"href":"https:\/\/rouelibre-aquitaine.com\/fr\/wp-json\/wp\/v2\/types\/page"}],"author":[{"embeddable":true,"href":"https:\/\/rouelibre-aquitaine.com\/fr\/wp-json\/wp\/v2\/users\/1"}],"replies":[{"embeddable":true,"href":"https:\/\/rouelibre-aquitaine.com\/fr\/wp-json\/wp\/v2\/comments?post=82"}],"version-history":[{"count":38,"href":"https:\/\/rouelibre-aquitaine.com\/fr\/wp-json\/wp\/v2\/pages\/82\/revisions"}],"predecessor-version":[{"id":701,"href":"https:\/\/rouelibre-aquitaine.com\/fr\/wp-json\/wp\/v2\/pages\/82\/revisions\/701"}],"wp:attachment":[{"href":"https:\/\/rouelibre-aquitaine.com\/fr\/wp-json\/wp\/v2\/media?parent=82"}],"curies":[{"name":"wp","href":"https:\/\/api.w.org\/{rel}","templated":true}]}}